{"id":37,"date":"2024-07-25T21:50:27","date_gmt":"2024-07-25T21:50:27","guid":{"rendered":"https:\/\/theconsultour.com\/home\/"},"modified":"2025-06-17T20:25:55","modified_gmt":"2025-06-17T20:25:55","slug":"home","status":"publish","type":"page","link":"https:\/\/theconsultour.com\/en\/","title":{"rendered":"Home"},"content":{"rendered":"<p>Lorem Ipsum has been the industry&#8217;s standard dummy text ever since the 1500s.<\/p>\n\n\n\n\n\n<h2>PROFITABLE TOURISM<\/h2>\n\n\n\n<h6>businesses<\/h6>\n\n\n\n<p class=\"has-white-color has-text-color has-link-color wp-elements-2683810829f223df1d43f1ca8b83081e\">\u00bfSu empresa tur\u00edstica trabaja mucho, pero produce poco? En nuestras consultor\u00edas tur\u00edsticas <a href=\"https:\/\/theconsultour.com\/en\/consultoria-turistica\/\">le ayudamos a dise\u00f1ar experiencias tur\u00edsticas <\/a>inolvidables que generen ganancias y le permitan llevar una vida m\u00e1s pr\u00f3spera.<\/p>\n\n\n\n<p class=\"has-white-color has-text-color has-link-color wp-elements-975ab4d33426ee55c7319469ef1c5ff0\">Your tour business first has to be profitable so it can be <a href=\"https:\/\/www.unwto.org\/es\/desarrollo-sostenible\">sustainable<\/a> and it can bring benefits to your family and your community.<\/p>\n\n\n\n\n\n\n\n\n\n\n\n<p>Lorem Ipsum has been the industry&#8217;s standard dummy text ever since the 1500s.<\/p>\n\n\n\n\n\n<h2>The support that<\/h2>\n\n\n\n<h2>you need<\/h2>\n\n\n\n<h2>to grow<\/h2>\n\n\n\n<p>We have over a decade in the tourism industry, with experience in practically every sector of the industry: guiding, operations, product, Tour &amp; Travel marketing, tour sales and even hotel receptions. But the most important thing is: we've had tourism businesses of our own and we know how hard it can be. We are well aware of the pain points and friction at each stage of business growth.<\/p>\n\n\n\n<p>Through our consulting we want to share everything we have learned with other passionate entrepreneurs who dream of having profitable businesses and a better work\/life balance.<\/p>\n\n\n\n<p>With your passion and knowledge plus our experience, we will build a prosperous and purposeful business.<\/p>\n\n\n\n\n\n\n\n\n\n<h2>SERVICIOS DE CONSULTOR\u00cdAS TUR\u00cdSTICAS<\/h2>\n\n\n\n<p>Nuestras consultor\u00edas tur\u00edsticas se adaptan a las necesidades concretas de su empresa para ayudarle a crecer en ventas y\/o llevar una operaci\u00f3n m\u00e1s eficiente y rentable. Entre muchas cosas, podemos ayudarle a mejorar:<\/p>\n\n\n\n<div style=\"height:41px\" aria-hidden=\"true\" class=\"wp-block-spacer\"><\/div>\n\n\n\n\n\n<p>How much does it cost you to operate a tour? How much profit do you have left? How much is the minimum profit margin on your tours?<\/p>\n\n\n\n\n\n<p>Build teams that know how to prioritize and focus on the right tasks to improve the productivity of your business.<br><br><\/p>\n\n\n\n\n\n<p>Who is doing what, and when will they do it? Tools to optimize communication and increase productivity.<br><\/p>\n\n\n\n\n\n<p>Ensure a standard of service on each tour, without sacrificing the unique style of each guide.<\/p>\n\n\n\n\n\n\n\n\n\n\n\n<h2>How do our tourism consultations work?<\/h2>\n\n\n\n<p>We work with 1-on-1 virtual sessions, personalized and specifically aimed at the challenges your tourism company faces. We will develop objectives and methodologies to help your company reach the next level.<\/p>\n\n\n\n\n\n<h2>For whom is this?<\/h2>\n\n\n\n\n\n\n\n<h5>Tourism companies of all sorts<\/h5>\n\n\n\n<p> <\/p>\n\n\n\n<p>Any tourism business, big or small, that is struggling to grow or professionalize its services. <br><br>We have worked with companies specialized in:<br>&#8211; Turismo cultural<br>&#8211; Turismo de aventura<br>&#8211; Fincas agrotur\u00edsticas<br>&#8211; Ecoturismo<br><\/p>\n\n\n\n<p><\/p>\n\n\n\n\n\n\n\n\n\n\n\n\n\n<h2>Testimonials<\/h2>\n\n\n\n<p>These are some of the companies we have helped grow <\/p>\n\n\n\n<p> con nuestras asesor\u00edas tur\u00edsticas<\/p>\n\n\n\n\n\n\n<p>They have a vision and an energy that, based on simplicity, has helped me stay motivated, setting goals and objectives that I've been able to achieve.<\/p>\n\n\n\n<p>Our path wouldn't have been the same without your collaboration.<br><br><br><\/p>\n\n\n\n<p>It has definitely been an excellent contribution. I recommend it for companies that want to take problem solving seriously, but with the perspective of a person who is not immersed in day-to-day life.<\/p>\n\n\n\n\n\n\n\n\n\n\n<h2>Why choose us?<\/h2>\n\n\n\n<p>Tenemos muchos a\u00f1os de experiencia; pero sobre todo: sabemos lo dif\u00edcil que es un tener un negocio propio y queremos compartir todo lo que hemos aprendido con otros empresarios apasionados sue\u00f1an con tener negocios tur\u00edsticos rentables y un mejor balance de vida\/trabajo. <\/p>\n\n\n\nCada empresa enfrenta desaf\u00edos distintos, personalizamos soluciones para usted.\n\n\n\nA veces la soluci\u00f3n no es trabajar m\u00e1s, sino trabajar mejor.\n\n\n\n\u00bfA d\u00f3nde desea llegar? Nosotros le ayudamos.\n\n\n\nLe dedicamos el tiempo que usted se merece\n\n\n\n\n\n\n\n<h2>Contact<\/h2>\n\n\n\n<p>We'd love to hear about your unique challenges and learn how our experience can support your growth.<\/p>\n\n\n\n\n\n<p><\/p>\n\n\n\n\n\n\n\n\n\n\n\n\n\n\n\n\n\n\n\r\n<script><\/script>","protected":false},"excerpt":{"rendered":"","protected":false},"author":1,"featured_media":0,"parent":0,"menu_order":0,"comment_status":"closed","ping_status":"closed","template":"","meta":{"pagelayer_contact_templates":{"2kg3166":{"cont_subject":"home page form","cont_header":"$name,$phone,$message,$email","cont_use_html":"true"}},"_pagelayer_content":"","footnotes":""},"class_list":["post-37","page","type-page","status-publish","hentry"],"yoast_head":"<!-- This site is optimized with the Yoast SEO plugin v27.6 - https:\/\/yoast.com\/product\/yoast-seo-wordpress\/ -->\n<title>Consultor\u00edas Tur\u00edsticas en Costa Rica y Am\u00e9rica Latina | The Consultour<\/title>\n<meta name=\"description\" content=\"Consultor\u00edas tur\u00edsticas, tips y recomendaciones para empresas tur\u00edsticas en Costa Rica. Servicios de consultor\u00eda tur\u00edstica para su empresa.\" \/>\n<meta name=\"robots\" content=\"index, follow, max-snippet:-1, max-image-preview:large, max-video-preview:-1\" \/>\n<link rel=\"canonical\" href=\"https:\/\/theconsultour.com\/en\/\" \/>\n<meta property=\"og:locale\" content=\"en_US\" \/>\n<meta property=\"og:type\" content=\"article\" \/>\n<meta property=\"og:title\" content=\"Consultor\u00edas Tur\u00edsticas en Costa Rica y Am\u00e9rica Latina | The Consultour\" \/>\n<meta property=\"og:description\" content=\"Consultor\u00edas tur\u00edsticas, tips y recomendaciones para empresas tur\u00edsticas en Costa Rica. Servicios de consultor\u00eda tur\u00edstica para su empresa.\" \/>\n<meta property=\"og:url\" content=\"https:\/\/theconsultour.com\/en\/\" \/>\n<meta property=\"og:site_name\" content=\"The Consultour\" \/>\n<meta property=\"article:publisher\" content=\"https:\/\/facebook.com\/theconsultour\/\" \/>\n<meta property=\"article:modified_time\" content=\"2025-06-17T20:25:55+00:00\" \/>\n<meta property=\"og:image\" content=\"https:\/\/theconsultour.com\/wp-content\/uploads\/2024\/08\/LogoConsultour-01.png\" \/>\n\t<meta property=\"og:image:width\" content=\"800\" \/>\n\t<meta property=\"og:image:height\" content=\"800\" \/>\n\t<meta property=\"og:image:type\" content=\"image\/png\" \/>\n<meta name=\"twitter:card\" content=\"summary_large_image\" \/>\n<meta name=\"twitter:label1\" content=\"Est. reading time\" \/>\n\t<meta name=\"twitter:data1\" content=\"3 minutes\" \/>\n<script type=\"application\/ld+json\" class=\"yoast-schema-graph\">{\"@context\":\"https:\\\/\\\/schema.org\",\"@graph\":[{\"@type\":\"WebPage\",\"@id\":\"https:\\\/\\\/theconsultour.com\\\/\",\"url\":\"https:\\\/\\\/theconsultour.com\\\/\",\"name\":\"Consultor\u00edas Tur\u00edsticas en Costa Rica y Am\u00e9rica Latina | The Consultour\",\"isPartOf\":{\"@id\":\"https:\\\/\\\/theconsultour.com\\\/#website\"},\"datePublished\":\"2024-07-25T21:50:27+00:00\",\"dateModified\":\"2025-06-17T20:25:55+00:00\",\"description\":\"Consultor\u00edas tur\u00edsticas, tips y recomendaciones para empresas tur\u00edsticas en Costa Rica. Servicios de consultor\u00eda tur\u00edstica para su empresa.\",\"breadcrumb\":{\"@id\":\"https:\\\/\\\/theconsultour.com\\\/#breadcrumb\"},\"inLanguage\":\"en-US\",\"potentialAction\":[{\"@type\":\"ReadAction\",\"target\":[\"https:\\\/\\\/theconsultour.com\\\/\"]}]},{\"@type\":\"BreadcrumbList\",\"@id\":\"https:\\\/\\\/theconsultour.com\\\/#breadcrumb\",\"itemListElement\":[{\"@type\":\"ListItem\",\"position\":1,\"name\":\"Home\",\"item\":\"https:\\\/\\\/theconsultour.com\\\/\"},{\"@type\":\"ListItem\",\"position\":2,\"name\":\"Home\"}]},{\"@type\":\"WebSite\",\"@id\":\"https:\\\/\\\/theconsultour.com\\\/#website\",\"url\":\"https:\\\/\\\/theconsultour.com\\\/\",\"name\":\"The Consultour\",\"description\":\"Consulting for tourism\",\"publisher\":{\"@id\":\"https:\\\/\\\/theconsultour.com\\\/#organization\"},\"potentialAction\":[{\"@type\":\"SearchAction\",\"target\":{\"@type\":\"EntryPoint\",\"urlTemplate\":\"https:\\\/\\\/theconsultour.com\\\/?s={search_term_string}\"},\"query-input\":{\"@type\":\"PropertyValueSpecification\",\"valueRequired\":true,\"valueName\":\"search_term_string\"}}],\"inLanguage\":\"en-US\"},{\"@type\":\"Organization\",\"@id\":\"https:\\\/\\\/theconsultour.com\\\/#organization\",\"name\":\"The Consultour\",\"url\":\"https:\\\/\\\/theconsultour.com\\\/\",\"logo\":{\"@type\":\"ImageObject\",\"inLanguage\":\"en-US\",\"@id\":\"https:\\\/\\\/theconsultour.com\\\/#\\\/schema\\\/logo\\\/image\\\/\",\"url\":\"https:\\\/\\\/theconsultour.com\\\/wp-content\\\/uploads\\\/2024\\\/07\\\/cropped-LogoConsultour-10-1.png\",\"contentUrl\":\"https:\\\/\\\/theconsultour.com\\\/wp-content\\\/uploads\\\/2024\\\/07\\\/cropped-LogoConsultour-10-1.png\",\"width\":200,\"height\":200,\"caption\":\"The Consultour\"},\"image\":{\"@id\":\"https:\\\/\\\/theconsultour.com\\\/#\\\/schema\\\/logo\\\/image\\\/\"},\"sameAs\":[\"https:\\\/\\\/facebook.com\\\/theconsultour\\\/\",\"https:\\\/\\\/www.instagram.com\\\/theconsultour\",\"https:\\\/\\\/www.pinterest.com\\\/theconsultour\\\/\",\"https:\\\/\\\/www.linkedin.com\\\/company\\\/theconsultour\\\/\",\"https:\\\/\\\/t.me\\\/theconsultour\"]}]}<\/script>\n<!-- \/ Yoast SEO plugin. -->","yoast_head_json":{"title":"Consultor\u00edas Tur\u00edsticas en Costa Rica y Am\u00e9rica Latina | The Consultour","description":"Consultor\u00edas tur\u00edsticas, tips y recomendaciones para empresas tur\u00edsticas en Costa Rica. Servicios de consultor\u00eda tur\u00edstica para su empresa.","robots":{"index":"index","follow":"follow","max-snippet":"max-snippet:-1","max-image-preview":"max-image-preview:large","max-video-preview":"max-video-preview:-1"},"canonical":"https:\/\/theconsultour.com\/en\/","og_locale":"en_US","og_type":"article","og_title":"Consultor\u00edas Tur\u00edsticas en Costa Rica y Am\u00e9rica Latina | The Consultour","og_description":"Consultor\u00edas tur\u00edsticas, tips y recomendaciones para empresas tur\u00edsticas en Costa Rica. Servicios de consultor\u00eda tur\u00edstica para su empresa.","og_url":"https:\/\/theconsultour.com\/en\/","og_site_name":"The Consultour","article_publisher":"https:\/\/facebook.com\/theconsultour\/","article_modified_time":"2025-06-17T20:25:55+00:00","og_image":[{"width":800,"height":800,"url":"https:\/\/theconsultour.com\/wp-content\/uploads\/2024\/08\/LogoConsultour-01.png","type":"image\/png"}],"twitter_card":"summary_large_image","twitter_misc":{"Est. reading time":"3 minutes"},"schema":{"@context":"https:\/\/schema.org","@graph":[{"@type":"WebPage","@id":"https:\/\/theconsultour.com\/","url":"https:\/\/theconsultour.com\/","name":"Consultor\u00edas Tur\u00edsticas en Costa Rica y Am\u00e9rica Latina | The Consultour","isPartOf":{"@id":"https:\/\/theconsultour.com\/#website"},"datePublished":"2024-07-25T21:50:27+00:00","dateModified":"2025-06-17T20:25:55+00:00","description":"Consultor\u00edas tur\u00edsticas, tips y recomendaciones para empresas tur\u00edsticas en Costa Rica. Servicios de consultor\u00eda tur\u00edstica para su empresa.","breadcrumb":{"@id":"https:\/\/theconsultour.com\/#breadcrumb"},"inLanguage":"en-US","potentialAction":[{"@type":"ReadAction","target":["https:\/\/theconsultour.com\/"]}]},{"@type":"BreadcrumbList","@id":"https:\/\/theconsultour.com\/#breadcrumb","itemListElement":[{"@type":"ListItem","position":1,"name":"Home","item":"https:\/\/theconsultour.com\/"},{"@type":"ListItem","position":2,"name":"Home"}]},{"@type":"WebSite","@id":"https:\/\/theconsultour.com\/#website","url":"https:\/\/theconsultour.com\/","name":"The Consultour","description":"Consulting for tourism","publisher":{"@id":"https:\/\/theconsultour.com\/#organization"},"potentialAction":[{"@type":"SearchAction","target":{"@type":"EntryPoint","urlTemplate":"https:\/\/theconsultour.com\/?s={search_term_string}"},"query-input":{"@type":"PropertyValueSpecification","valueRequired":true,"valueName":"search_term_string"}}],"inLanguage":"en-US"},{"@type":"Organization","@id":"https:\/\/theconsultour.com\/#organization","name":"The Consultour","url":"https:\/\/theconsultour.com\/","logo":{"@type":"ImageObject","inLanguage":"en-US","@id":"https:\/\/theconsultour.com\/#\/schema\/logo\/image\/","url":"https:\/\/theconsultour.com\/wp-content\/uploads\/2024\/07\/cropped-LogoConsultour-10-1.png","contentUrl":"https:\/\/theconsultour.com\/wp-content\/uploads\/2024\/07\/cropped-LogoConsultour-10-1.png","width":200,"height":200,"caption":"The Consultour"},"image":{"@id":"https:\/\/theconsultour.com\/#\/schema\/logo\/image\/"},"sameAs":["https:\/\/facebook.com\/theconsultour\/","https:\/\/www.instagram.com\/theconsultour","https:\/\/www.pinterest.com\/theconsultour\/","https:\/\/www.linkedin.com\/company\/theconsultour\/","https:\/\/t.me\/theconsultour"]}]}},"_links":{"self":[{"href":"https:\/\/theconsultour.com\/en\/wp-json\/wp\/v2\/pages\/37","targetHints":{"allow":["GET"]}}],"collection":[{"href":"https:\/\/theconsultour.com\/en\/wp-json\/wp\/v2\/pages"}],"about":[{"href":"https:\/\/theconsultour.com\/en\/wp-json\/wp\/v2\/types\/page"}],"author":[{"embeddable":true,"href":"https:\/\/theconsultour.com\/en\/wp-json\/wp\/v2\/users\/1"}],"replies":[{"embeddable":true,"href":"https:\/\/theconsultour.com\/en\/wp-json\/wp\/v2\/comments?post=37"}],"version-history":[{"count":93,"href":"https:\/\/theconsultour.com\/en\/wp-json\/wp\/v2\/pages\/37\/revisions"}],"predecessor-version":[{"id":386,"href":"https:\/\/theconsultour.com\/en\/wp-json\/wp\/v2\/pages\/37\/revisions\/386"}],"wp:attachment":[{"href":"https:\/\/theconsultour.com\/en\/wp-json\/wp\/v2\/media?parent=37"}],"curies":[{"name":"wp","href":"https:\/\/api.w.org\/{rel}","templated":true}]}}